{"id":75,"date":"2020-01-27T08:29:32","date_gmt":"2020-01-27T08:29:32","guid":{"rendered":"https:\/\/demosites.io\/web-agency-gb\/?page_id=75"},"modified":"2026-01-30T09:04:06","modified_gmt":"2026-01-30T08:04:06","slug":"15c42-web-agency-gb-contact-us","status":"publish","type":"page","link":"https:\/\/imker-hinwil.ch\/?page_id=75","title":{"rendered":"Kontakt &#038; Adressen"},"content":{"rendered":"\n<div style=\"height:50px\" aria-hidden=\"true\" class=\"wp-block-spacer\"><\/div>\n\n\n\n<h2 class=\"wp-block-heading\">Kontaktiere uns<\/h2>\n\n\n<div class=\"wpforms-container wpforms-container-full wpforms-block wpforms-block-0d5e6581-3d0b-4a37-8984-c67a21bec2e2\" id=\"wpforms-513\"><form id=\"wpforms-form-513\" class=\"wpforms-validate wpforms-form wpforms-ajax-form\" data-formid=\"513\" method=\"post\" enctype=\"multipart\/form-data\" action=\"\/index.php?rest_route=%2Fwp%2Fv2%2Fpages%2F75\" data-token=\"6236b757e529f8048f6e26e816c1feee\" data-token-time=\"1777612573\"><noscript class=\"wpforms-error-noscript\">Bitte aktivieren Sie JavaScript in Ihrem Browser, um dieses Formular fertigzustellen.<\/noscript><div class=\"wpforms-field-container\"><div id=\"wpforms-513-field_0-container\" class=\"wpforms-field wpforms-field-name\" data-field-id=\"0\"><label class=\"wpforms-field-label\" for=\"wpforms-513-field_0\">Name <span class=\"wpforms-required-label\">*<\/span><\/label><div class=\"wpforms-field-row wpforms-field-medium\"><div class=\"wpforms-field-row-block wpforms-first wpforms-one-half\"><input type=\"text\" id=\"wpforms-513-field_0\" class=\"wpforms-field-name-first wpforms-field-required\" name=\"wpforms[fields][0][first]\" placeholder=\"Vorname\" required><label for=\"wpforms-513-field_0\" class=\"wpforms-field-sublabel after wpforms-sublabel-hide\">Vorname<\/label><\/div><div class=\"wpforms-field-row-block wpforms-one-half\"><input type=\"text\" id=\"wpforms-513-field_0-last\" class=\"wpforms-field-name-last wpforms-field-required\" name=\"wpforms[fields][0][last]\" placeholder=\"Nachname\" required><label for=\"wpforms-513-field_0-last\" class=\"wpforms-field-sublabel after wpforms-sublabel-hide\">Nachname<\/label><\/div><\/div><\/div><div id=\"wpforms-513-field_1-container\" class=\"wpforms-field wpforms-field-email\" data-field-id=\"1\"><label class=\"wpforms-field-label\" for=\"wpforms-513-field_1\">E-Mail <span class=\"wpforms-required-label\">*<\/span><\/label><input type=\"email\" id=\"wpforms-513-field_1\" class=\"wpforms-field-medium wpforms-field-required\" name=\"wpforms[fields][1]\" spellcheck=\"false\" required><\/div><div id=\"wpforms-513-field_2-container\" class=\"wpforms-field wpforms-field-textarea\" data-field-id=\"2\"><label class=\"wpforms-field-label\" for=\"wpforms-513-field_2\">Nachricht <span class=\"wpforms-required-label\">*<\/span><\/label><textarea id=\"wpforms-513-field_2\" class=\"wpforms-field-medium wpforms-field-required\" name=\"wpforms[fields][2]\" required><\/textarea><\/div><\/div><!-- .wpforms-field-container --><div class=\"wpforms-recaptcha-container wpforms-is-hcaptcha\" ><div class=\"h-captcha\" data-sitekey=\"84f6bdca-b236-4109-85e7-a354ef6f9e68\"><\/div><input type=\"text\" name=\"g-recaptcha-hidden\" class=\"wpforms-recaptcha-hidden\" style=\"position:absolute!important;clip:rect(0,0,0,0)!important;height:1px!important;width:1px!important;border:0!important;overflow:hidden!important;padding:0!important;margin:0!important;\" data-rule-hcaptcha=\"1\"><\/div><div class=\"wpforms-submit-container\" ><input type=\"hidden\" name=\"wpforms[id]\" value=\"513\"><input type=\"hidden\" name=\"page_title\" value=\"\"><input type=\"hidden\" name=\"page_url\" value=\"https:\/\/imker-hinwil.ch\/index.php?rest_route=\/wp\/v2\/pages\/75\"><input type=\"hidden\" name=\"url_referer\" value=\"\"><button type=\"submit\" name=\"wpforms[submit]\" id=\"wpforms-submit-513\" class=\"wpforms-submit\" data-alt-text=\"Wird gesendet...\" data-submit-text=\"Senden\" aria-live=\"assertive\" value=\"wpforms-submit\">Senden<\/button><img loading=\"lazy\" decoding=\"async\" src=\"https:\/\/imker-hinwil.ch\/wp-content\/plugins\/wpforms-lite\/assets\/images\/submit-spin.svg\" class=\"wpforms-submit-spinner\" style=\"display: none;\" width=\"26\" height=\"26\" alt=\"Wird geladen\"><\/div><\/form><\/div>  <!-- .wpforms-container -->\n\n\n<h2 class=\"wp-block-heading\">Adressen &amp; Funktionen<\/h2>\n\n\n\n<p>Fragen beantworten Dir gerne die hier aufgef\u00fchrten Funktion\u00e4re. F\u00fcr allgemeine Anfragen kannst Du uns auch per&nbsp;<a class=\"\" href=\"mailto:info@imker-hinwil.ch\">E-Mail<\/a>&nbsp;oder Kontaktformular erreichen. Die &#171;Z\u00fcchtervereinigung Beicher&#187; f\u00fchrt eine separate&nbsp;<a href=\"\/?page_id=475\" data-type=\"URL\">Kontaktliste<\/a>.<\/p>\n\n\n\n<h3 class=\"wp-block-heading\">Vorstand<\/h3>\n\n\n\n<figure class=\"wp-block-table\"><table><thead><tr><th class=\"has-text-align-left\" data-align=\"left\">Funktion<\/th><th class=\"has-text-align-left\" data-align=\"left\">Name<\/th><\/tr><\/thead><tbody><tr><td class=\"has-text-align-left\" data-align=\"left\">Pr\u00e4sident<\/td><td class=\"has-text-align-left\" data-align=\"left\"> Lieberherr Efraim<br>  079 486 91 87<br> efraim.lieberherr@imker-hinwil.ch <\/td><\/tr><tr><td class=\"has-text-align-left\" data-align=\"left\">Vizepr\u00e4sident<\/td><td class=\"has-text-align-left\" data-align=\"left\">Nadja Mueller <br>079 286 29 43<br>nadja@namufaktur.ch<\/td><\/tr><tr><td class=\"has-text-align-left\" data-align=\"left\">Aktuarin<\/td><td class=\"has-text-align-left\" data-align=\"left\">Fischer Gabriela<br>044 930 73 16<br>gabriela.fischer@imker-hinwil.ch<\/td><\/tr><tr><td class=\"has-text-align-left\" data-align=\"left\">Kassier, Honig-Etiketten<\/td><td class=\"has-text-align-left\" data-align=\"left\">Rolf Zellweger<br>079 750 95 89<br>kassierimkervereinhinwil@gmail.com<\/td><\/tr><tr><td class=\"has-text-align-left\" data-align=\"left\">Revisor<\/td><td class=\"has-text-align-left\" data-align=\"left\">Frei Ruth<br>055 246 44 87<\/td><\/tr><tr><td class=\"has-text-align-left\" data-align=\"left\">Revisor<\/td><td class=\"has-text-align-left\" data-align=\"left\">Meyer Thomas<br>078 847 19 67<\/td><\/tr><tr><td class=\"has-text-align-left\" data-align=\"left\">Bieneninspektor, Bezirk Hinwil<\/td><td class=\"has-text-align-left\" data-align=\"left\">Steinbeck Werner<br>044 930 56 86<br>079 245 29 91<br>werner.steinbeck@imker-hinwil.ch<\/td><\/tr><tr><td class=\"has-text-align-left\" data-align=\"left\">Bieneninspektor Stv., Bezirk Hinwil<\/td><td class=\"has-text-align-left\" data-align=\"left\">Lukas Bl\u00f6chliger<br>079 694 43 23<br>lukas.bloechliger@outlook.de<\/td><\/tr><tr><td class=\"has-text-align-left\" data-align=\"left\">Berater<\/td><td class=\"has-text-align-left\" data-align=\"left\">Bruggmann Xenia<br>079 711 10 40<br>xenia.bruggmann@imker-hinwil.ch<\/td><\/tr><tr><td class=\"has-text-align-left\" data-align=\"left\">Berater<\/td><td class=\"has-text-align-left\" data-align=\"left\">Vakant<\/td><\/tr><tr><td class=\"has-text-align-left\" data-align=\"left\">Berater<\/td><td class=\"has-text-align-left\" data-align=\"left\">Vakant<br><\/td><\/tr><tr><td class=\"has-text-align-left\" data-align=\"left\">Zuchtchef<\/td><td class=\"has-text-align-left\" data-align=\"left\">Vakant<br>Bei Fragen Ernst Halbheer kontaktieren <br>halbheer.ernst@bluewin.ch<\/td><\/tr><tr><td class=\"has-text-align-left\" data-align=\"left\">Betriebspr\u00fcfer, Goldsiegel<br>Beraterin Bienenprodukte<\/td><td class=\"has-text-align-left\" data-align=\"left\">Nadja Mueller <br>079 286 29 43<br>nadja@namufaktur.ch<\/td><\/tr><tr><td class=\"has-text-align-left\" data-align=\"left\">Betriebspr\u00fcfer Stv.<\/td><td class=\"has-text-align-left\" data-align=\"left\">vakant<\/td><\/tr><tr><td class=\"has-text-align-left\" data-align=\"left\">Beisitzer<\/td><td class=\"has-text-align-left\" data-align=\"left\">vakant<\/td><\/tr><tr><td class=\"has-text-align-left\" data-align=\"left\">Beisitzer, Museumsleiter<\/td><td class=\"has-text-align-left\" data-align=\"left\">Bieri Rolf<br>055 243 31 61<br>rolf.bieri@imker-hinwil.ch<\/td><\/tr><\/tbody><\/table><\/figure>\n\n\n\n<h3 class=\"wp-block-heading\">Weitere Adressen &amp; Funktionen<\/h3>\n\n\n\n<figure class=\"wp-block-table\"><table><thead><tr><th class=\"has-text-align-left\" data-align=\"left\">Funktion<\/th><th class=\"has-text-align-left\" data-align=\"left\">Name<\/th><\/tr><\/thead><tbody><tr><td class=\"has-text-align-left\" data-align=\"left\">Beicher Sitzungsleiter<\/td><td class=\"has-text-align-left\" data-align=\"left\">Rolf Frei<br>079 772 11 44<br>guidorolf@bluewin.ch<\/td><\/tr><tr><td class=\"has-text-align-left\" data-align=\"left\">Beicher Kassier<\/td><td class=\"has-text-align-left\" data-align=\"left\">Hermann Gamper<br>079 419 39 91<br>herman.gamper@outlook.com<\/td><\/tr><tr><td class=\"has-text-align-left\" data-align=\"left\">Beicher Belegstellenleiter<\/td><td class=\"has-text-align-left\" data-align=\"left\">Ernst Halbheer<br>055 240 83 69<br>halbheer.ernst@bluewin.ch<\/td><\/tr><tr><td class=\"has-text-align-left\" data-align=\"left\">Beicher Dr\u00f6hnerich<\/td><td class=\"has-text-align-left\" data-align=\"left\">Daniel Nef<br>078 797 14 88<br>daniel.nef@quecus-gartenbau.ch<\/td><\/tr><tr><td class=\"has-text-align-left\" data-align=\"left\">Beicher Beisitzer<\/td><td class=\"has-text-align-left\" data-align=\"left\"><br><\/td><\/tr><tr><td class=\"has-text-align-left\" data-align=\"left\">Beicher<br>Stellvertreter Belegstellenleiter<br>Dr\u00f6hnerich<\/td><td class=\"has-text-align-left\" data-align=\"left\">Ren\u00e9 Zenger<br>076 341 48 58<br>renezenger@bluewin.ch<\/td><\/tr><tr><td class=\"has-text-align-left\" data-align=\"left\">Beicher Protokollf\u00fchrer<\/td><td class=\"has-text-align-left\" data-align=\"left\">Tobias Strasser<br>079 411 33 69<br>bienenstr@gmx.ch<\/td><\/tr><tr><td class=\"has-text-align-left\" data-align=\"left\">Bienen-Inspektor Kanton Z\u00fcrich<\/td><td class=\"has-text-align-left\" data-align=\"left\">J\u00f6rger Beat<br>079 7071826<br>info@bienenjoerger.ch<\/td><\/tr><tr><td class=\"has-text-align-left\" data-align=\"left\">Apistische Station<\/td><td class=\"has-text-align-left\" data-align=\"left\">Vakant<\/td><\/tr><\/tbody><\/table><\/figure>\n","protected":false},"excerpt":{"rendered":"<p>Kontaktiere uns Adressen &amp; Funktionen Fragen beantworten Dir gerne die hier aufgef\u00fchrten Funktion\u00e4re. F\u00fcr allgemeine Anfragen kannst Du uns auch per&nbsp;E-Mail&nbsp;oder Kontaktformular erreichen. Die &#171;Z\u00fcchtervereinigung Beicher&#187; f\u00fchrt eine separate&nbsp;Kontaktliste. Vorstand Funktion Name Pr\u00e4sident Lieberherr Efraim 079 486 91 87 efraim.lieberherr@imker-hinwil.ch Vizepr\u00e4sident Nadja Mueller 079 286 29 43nadja@namufaktur.ch Aktuarin Fischer Gabriela044 930 73 16gabriela.fischer@imker-hinwil.ch Kassier, Honig-Etiketten&hellip;&nbsp;<a href=\"https:\/\/imker-hinwil.ch\/?page_id=75\" rel=\"bookmark\">Weiterlesen &raquo;<span class=\"screen-reader-text\">Kontakt &#038; Adressen<\/span><\/a><\/p>\n","protected":false},"author":1,"featured_media":0,"parent":0,"menu_order":0,"comment_status":"closed","ping_status":"closed","template":"","meta":{"neve_meta_sidebar":"default","neve_meta_container":"","neve_meta_enable_content_width":"on","neve_meta_content_width":100,"neve_meta_title_alignment":"","neve_meta_author_avatar":"","neve_post_elements_order":"","neve_meta_disable_header":"","neve_meta_disable_footer":"","neve_meta_disable_title":"on","footnotes":""},"class_list":["post-75","page","type-page","status-publish","hentry"],"_links":{"self":[{"href":"https:\/\/imker-hinwil.ch\/index.php?rest_route=\/wp\/v2\/pages\/75","targetHints":{"allow":["GET"]}}],"collection":[{"href":"https:\/\/imker-hinwil.ch\/index.php?rest_route=\/wp\/v2\/pages"}],"about":[{"href":"https:\/\/imker-hinwil.ch\/index.php?rest_route=\/wp\/v2\/types\/page"}],"author":[{"embeddable":true,"href":"https:\/\/imker-hinwil.ch\/index.php?rest_route=\/wp\/v2\/users\/1"}],"replies":[{"embeddable":true,"href":"https:\/\/imker-hinwil.ch\/index.php?rest_route=%2Fwp%2Fv2%2Fcomments&post=75"}],"version-history":[{"count":44,"href":"https:\/\/imker-hinwil.ch\/index.php?rest_route=\/wp\/v2\/pages\/75\/revisions"}],"predecessor-version":[{"id":2083,"href":"https:\/\/imker-hinwil.ch\/index.php?rest_route=\/wp\/v2\/pages\/75\/revisions\/2083"}],"wp:attachment":[{"href":"https:\/\/imker-hinwil.ch\/index.php?rest_route=%2Fwp%2Fv2%2Fmedia&parent=75"}],"curies":[{"name":"wp","href":"https:\/\/api.w.org\/{rel}","templated":true}]}}