{"id":737,"date":"2021-12-28T12:51:18","date_gmt":"2021-12-28T11:51:18","guid":{"rendered":"https:\/\/imker-hinwil.ch\/?page_id=737"},"modified":"2025-12-15T17:57:51","modified_gmt":"2025-12-15T16:57:51","slug":"shop","status":"publish","type":"page","link":"https:\/\/imker-hinwil.ch\/?page_id=737","title":{"rendered":"Angebote &amp; Shop"},"content":{"rendered":"\n<p style=\"font-size:25px\">Hier k\u00f6nnen Honigetiketten und Goldsiegel gekauft werden. Ausserdem kann eine Wabengiessanlage im CH-Mass gemietet werden und die Verwendung der Ger\u00e4te f\u00fcr einen eigenen Wachskreislauf wird zur Verf\u00fcgung gestellt. Neu kann auch ein Entdecklungswachsschmelzer gemietet werden.<\/p>\n\n\n\n<h2 class=\"wp-block-heading has-nv-dark-bg-color has-text-color has-link-color wp-elements-24fce5a38a2b4bafe3c18a8637efda37\">Entdecklungswachsschmelzer<\/h2>\n\n\n\n<p>Unser Vereinsmitglied Anita Heusser aus B\u00e4retswil vermietet ihren Deckelwachsschmelzer. Damit k\u00f6nnen Waben und Deckelwachs zur Gewinnung von Wachs und (Melezitose-)Honig eingeschmolzen werden. Telefonnummer: 078 627 99 14<\/p>\n\n\n\n<p>Die Miete kostet 100 Franken pro Woche. Hinzu kommen 50 Franken, die im Voraus als Depot f\u00fcr eine allf\u00e4llige Endreinigung bezahlt werden. Wird das Ger\u00e4t nicht in gereinigtem oder nicht in tadellosem Zustand zur\u00fcckgebracht, k\u00f6nnen diese 50 Franken von Anita f\u00fcr eine solche Reinigung verwendet werden und somit gar nicht oder nur teilweise zur\u00fcckbezahlt werden. Ansonsten wird dieser Betrag bei R\u00fcckgabe zur\u00fcckerstattet. <\/p>\n\n\n\n<p><a href=\"https:\/\/www.bienen-ruck.de\/imkershop\/bienenwachs-gewinnung\/dampfwachsschmelzer\/506\/rubee-entdecklungswachsschmelzer\">https:\/\/www.bienen-ruck.de\/imkershop\/bienenwachs-gewinnung\/dampfwachsschmelzer\/506\/rubee-entdecklungswachsschmelzer<\/a><\/p>\n\n\n\n<figure class=\"wp-block-image size-large is-resized\"><img loading=\"lazy\" decoding=\"async\" width=\"552\" height=\"1024\" src=\"https:\/\/imker-hinwil.ch\/wp-content\/uploads\/2024\/08\/image-552x1024.png\" alt=\"\" class=\"wp-image-1692\" style=\"width:288px;height:auto\" srcset=\"https:\/\/imker-hinwil.ch\/wp-content\/uploads\/2024\/08\/image-552x1024.png 552w, https:\/\/imker-hinwil.ch\/wp-content\/uploads\/2024\/08\/image-162x300.png 162w, https:\/\/imker-hinwil.ch\/wp-content\/uploads\/2024\/08\/image-768x1424.png 768w, https:\/\/imker-hinwil.ch\/wp-content\/uploads\/2024\/08\/image-829x1536.png 829w, https:\/\/imker-hinwil.ch\/wp-content\/uploads\/2024\/08\/image-1105x2048.png 1105w, https:\/\/imker-hinwil.ch\/wp-content\/uploads\/2024\/08\/image-1320x2447.png 1320w\" sizes=\"auto, (max-width: 552px) 100vw, 552px\" \/><\/figure>\n\n\n\n<p><\/p>\n\n\n\n<h2 class=\"wp-block-heading\">Eigener Wachskreislauf, Wachs umarbeiten<\/h2>\n\n\n\n<figure class=\"wp-block-image size-large is-resized\"><img loading=\"lazy\" decoding=\"async\" width=\"1024\" height=\"768\" src=\"https:\/\/imker-hinwil.ch\/wp-content\/uploads\/2025\/12\/image-2-1024x768.png\" alt=\"\" class=\"wp-image-2052\" style=\"width:535px;height:auto\" srcset=\"https:\/\/imker-hinwil.ch\/wp-content\/uploads\/2025\/12\/image-2-1024x768.png 1024w, https:\/\/imker-hinwil.ch\/wp-content\/uploads\/2025\/12\/image-2-300x225.png 300w, https:\/\/imker-hinwil.ch\/wp-content\/uploads\/2025\/12\/image-2-768x576.png 768w, https:\/\/imker-hinwil.ch\/wp-content\/uploads\/2025\/12\/image-2.png 1280w\" sizes=\"auto, (max-width: 1024px) 100vw, 1024px\" \/><\/figure>\n\n\n\n<p>Unser Vereinsmitglied Paul D\u00fctschler bietet f\u00fcr uns eine Wachsverarbeitungsanlage in Wald an.<\/p>\n\n\n\n<p>M\u00f6glich ist:<\/p>\n\n\n\n<ul class=\"wp-block-list\">\n<li>Den eigenen Wachs zu reinigen und entkeimen.<br>Preis&nbsp;pro Sud (ca. 20kg): 30 Franken.<\/li>\n\n\n\n<li>Selber Mittelw\u00e4nde zu pressen.<br>Preis: 4 Franken das Kilo&nbsp;<\/li>\n\n\n\n<li>Das Pressen lassen durch Paul D\u00fctschler.<br>Preis: 15 Franken das Kilo.<\/li>\n<\/ul>\n\n\n\n<p>Bei Interesse bei Paul D\u00fctschler\u00a0melden:<br>Telefonnummer: 079 286 80 27 oder E-Mail: paul.due@outlook.com<\/p>\n\n\n\n<h2 class=\"wp-block-heading\">Goldsiegel<\/h2>\n\n\n\n<p><strong>Schweizer Bienenhonig &#8211; ein Qualit\u00e4tsprodukt<\/strong><\/p>\n\n\n\n<p>Das goldene Qualit\u00e4tssiegel des Dachverbands der schweizerischen Bienenz\u00fcchtervereine apisuisse werden von den Betriebspr\u00fcfern der einzelnen Sektionen an die Imkerinnen und Imker abgegeben.<\/p>\n\n\n\n<p>Als zertifizierter Goldsiegelimker des Imkervereins Bezirk Hinwil k\u00f6nnen Sie Ihren Bedarf an Goldsiegeln mit unten stehendem Formular an Ihren Betriebspr\u00fcfer melden. Bitte beachten Sie, dass die Bestellung verbindlich ist. Es gelten&nbsp;<a href=\"https:\/\/www.bienen.ch\/shop\/angebot\/shop_category\/qualitaetssiegel-werbetafel.html?tx_commerce_pi1%5Bpath%5D=13&amp;tx_commerce_pi1%5BmDepth%5D=0&amp;cHash=6accdab2c0bc747e6f4c4a2f12ef9846\" target=\"_blank\" rel=\"noreferrer noopener\">Preise<\/a>&nbsp;des BienenSchweiz.<\/p>\n\n\n\n<p>Die Siegel k\u00f6nnen an einem H\u00f6ck, Standbesuch oder bei der Betriebspr\u00fcferin abgeholt werden, (kein Versand).<\/p>\n\n\n<div class=\"wpforms-container wpforms-container-full wpforms-block wpforms-block-6efe5169-32d2-4952-9721-c0d169401f9b\" id=\"wpforms-752\"><form id=\"wpforms-form-752\" class=\"wpforms-validate wpforms-form wpforms-ajax-form\" data-formid=\"752\" method=\"post\" enctype=\"multipart\/form-data\" action=\"\/index.php?rest_route=%2Fwp%2Fv2%2Fpages%2F737\" data-token=\"44675b0f6905359a14204eacdb6255f3\" data-token-time=\"1777623174\"><noscript class=\"wpforms-error-noscript\">Bitte aktivieren Sie JavaScript in Ihrem Browser, um dieses Formular fertigzustellen.<\/noscript><div class=\"wpforms-field-container\"><div id=\"wpforms-752-field_1-container\" class=\"wpforms-field wpforms-field-number\" data-field-id=\"1\"><label class=\"wpforms-field-label\" for=\"wpforms-752-field_1\">Anzahl B\u00f6gen \u00e0 24 Stk. f\u00fcr 500g \/ 1000g<\/label><input type=\"number\" id=\"wpforms-752-field_1\" class=\"wpforms-field-medium\" name=\"wpforms[fields][1]\" step=\"any\" ><\/div><div id=\"wpforms-752-field_9-container\" class=\"wpforms-field wpforms-field-text\" data-field-id=\"9\"><label class=\"wpforms-field-label\" for=\"wpforms-752-field_9\">Anzahl B\u00f6gen \u00e0 32 Stk. f\u00fcr 250g<\/label><input type=\"text\" id=\"wpforms-752-field_9\" class=\"wpforms-field-medium\" name=\"wpforms[fields][9]\" ><\/div><div id=\"wpforms-752-field_10-container\" class=\"wpforms-field wpforms-field-text\" data-field-id=\"10\"><label class=\"wpforms-field-label\" for=\"wpforms-752-field_10\">Anzahl B\u00f6gen \u00e0 46 Stk. f\u00fcr 125g<\/label><input type=\"text\" id=\"wpforms-752-field_10\" class=\"wpforms-field-medium\" name=\"wpforms[fields][10]\" ><\/div><div id=\"wpforms-752-field_2-container\" class=\"wpforms-field wpforms-field-name\" data-field-id=\"2\"><label class=\"wpforms-field-label\" for=\"wpforms-752-field_2\">Name <span class=\"wpforms-required-label\">*<\/span><\/label><div class=\"wpforms-field-row wpforms-field-medium\"><div class=\"wpforms-field-row-block wpforms-first wpforms-one-half\"><input type=\"text\" id=\"wpforms-752-field_2\" class=\"wpforms-field-name-first wpforms-field-required\" name=\"wpforms[fields][2][first]\" placeholder=\"Vorname\" required><label for=\"wpforms-752-field_2\" class=\"wpforms-field-sublabel after wpforms-sublabel-hide\">Vorname<\/label><\/div><div class=\"wpforms-field-row-block wpforms-one-half\"><input type=\"text\" id=\"wpforms-752-field_2-last\" class=\"wpforms-field-name-last wpforms-field-required\" name=\"wpforms[fields][2][last]\" placeholder=\"Nachname\" required><label for=\"wpforms-752-field_2-last\" class=\"wpforms-field-sublabel after wpforms-sublabel-hide\">Nachname<\/label><\/div><\/div><\/div><div id=\"wpforms-752-field_3-container\" class=\"wpforms-field wpforms-field-text\" data-field-id=\"3\"><label class=\"wpforms-field-label\" for=\"wpforms-752-field_3\">Strasse, Nr. <span class=\"wpforms-required-label\">*<\/span><\/label><input type=\"text\" id=\"wpforms-752-field_3\" class=\"wpforms-field-medium wpforms-field-required\" name=\"wpforms[fields][3]\" required><\/div><div id=\"wpforms-752-field_4-container\" class=\"wpforms-field wpforms-field-name\" data-field-id=\"4\"><label class=\"wpforms-field-label\" for=\"wpforms-752-field_4\">Ort <span class=\"wpforms-required-label\">*<\/span><\/label><div class=\"wpforms-field-row wpforms-field-medium\"><div class=\"wpforms-field-row-block wpforms-first wpforms-one-half\"><input type=\"text\" id=\"wpforms-752-field_4\" class=\"wpforms-field-name-first wpforms-field-required\" name=\"wpforms[fields][4][first]\" placeholder=\"PLZ\" required><label for=\"wpforms-752-field_4\" class=\"wpforms-field-sublabel after wpforms-sublabel-hide\">Vorname<\/label><\/div><div class=\"wpforms-field-row-block wpforms-one-half\"><input type=\"text\" id=\"wpforms-752-field_4-last\" class=\"wpforms-field-name-last wpforms-field-required\" name=\"wpforms[fields][4][last]\" placeholder=\"Ort\" required><label for=\"wpforms-752-field_4-last\" class=\"wpforms-field-sublabel after wpforms-sublabel-hide\">Nachname<\/label><\/div><\/div><\/div><div id=\"wpforms-752-field_5-container\" class=\"wpforms-field wpforms-field-text\" data-field-id=\"5\"><label class=\"wpforms-field-label\" for=\"wpforms-752-field_5\">Telefon <span class=\"wpforms-required-label\">*<\/span><\/label><input type=\"text\" id=\"wpforms-752-field_5\" class=\"wpforms-field-medium wpforms-field-required\" name=\"wpforms[fields][5]\" required><\/div><div id=\"wpforms-752-field_6-container\" class=\"wpforms-field wpforms-field-email\" data-field-id=\"6\"><label class=\"wpforms-field-label\" for=\"wpforms-752-field_6\">E-Mail <span class=\"wpforms-required-label\">*<\/span><\/label><input type=\"email\" id=\"wpforms-752-field_6\" class=\"wpforms-field-medium wpforms-field-required\" name=\"wpforms[fields][6]\" spellcheck=\"false\" required><\/div><div id=\"wpforms-752-field_8-container\" class=\"wpforms-field wpforms-field-select wpforms-field-select-style-classic\" data-field-id=\"8\"><label class=\"wpforms-field-label\" for=\"wpforms-752-field_8\">Jahr der Betriebspr\u00fcfung <span class=\"wpforms-required-label\">*<\/span><\/label><select id=\"wpforms-752-field_8\" class=\"wpforms-field-medium wpforms-field-required\" name=\"wpforms[fields][8]\" required=\"required\"><option value=\"2022\"  class=\"choice-1 depth-1\"  >2022<\/option><option value=\"2021\"  class=\"choice-10 depth-1\"  >2021<\/option><option value=\"2020\"  class=\"choice-9 depth-1\"  >2020<\/option><option value=\"2019\"  class=\"choice-8 depth-1\"  >2019<\/option><option value=\"2018\"  class=\"choice-11 depth-1\"  >2018<\/option><option value=\"2017\"  class=\"choice-12 depth-1\"  >2017<\/option><\/select><\/div><div id=\"wpforms-752-field_7-container\" class=\"wpforms-field wpforms-field-textarea\" data-field-id=\"7\"><label class=\"wpforms-field-label\" for=\"wpforms-752-field_7\">Nachricht<\/label><textarea id=\"wpforms-752-field_7\" class=\"wpforms-field-medium\" name=\"wpforms[fields][7]\" ><\/textarea><\/div><\/div><!-- .wpforms-field-container --><div class=\"wpforms-recaptcha-container wpforms-is-hcaptcha\" ><div class=\"h-captcha\" data-sitekey=\"84f6bdca-b236-4109-85e7-a354ef6f9e68\"><\/div><input type=\"text\" name=\"g-recaptcha-hidden\" class=\"wpforms-recaptcha-hidden\" style=\"position:absolute!important;clip:rect(0,0,0,0)!important;height:1px!important;width:1px!important;border:0!important;overflow:hidden!important;padding:0!important;margin:0!important;\" data-rule-hcaptcha=\"1\"><\/div><div class=\"wpforms-submit-container\" ><input type=\"hidden\" name=\"wpforms[id]\" value=\"752\"><input type=\"hidden\" name=\"page_title\" value=\"\"><input type=\"hidden\" name=\"page_url\" value=\"https:\/\/imker-hinwil.ch\/index.php?rest_route=\/wp\/v2\/pages\/737\"><input type=\"hidden\" name=\"url_referer\" value=\"\"><button type=\"submit\" name=\"wpforms[submit]\" id=\"wpforms-submit-752\" class=\"wpforms-submit\" data-alt-text=\"Wird gesendet...\" data-submit-text=\"Senden\" aria-live=\"assertive\" value=\"wpforms-submit\">Senden<\/button><img loading=\"lazy\" decoding=\"async\" src=\"https:\/\/imker-hinwil.ch\/wp-content\/plugins\/wpforms-lite\/assets\/images\/submit-spin.svg\" class=\"wpforms-submit-spinner\" style=\"display: none;\" width=\"26\" height=\"26\" alt=\"Wird geladen\"><\/div><\/form><\/div>  <!-- .wpforms-container -->\n\n\n<h2 class=\"wp-block-heading\">Mittelwandpresse \/ Wabengiessanlage<\/h2>\n\n\n\n<p>Der Imkerverein Bezirk Hinwil vermietet an Vereinsmitglieder eine wassergek\u00fchlte Anlage mit Silikongiessform zur Herstellung von Mittelw\u00e4nden im CH Format. <\/p>\n\n\n\n<p>Miete f\u00fcr&nbsp;<strong>1 Woche: Fr. 20.00<\/strong>. <\/p>\n\n\n\n<p>Weitere Informationen, Ausmietung und Instruktion bei: <br>J. Prevost<br>Asylstrasse 6<br>8636 Wald<br>Tel. 079 252 75 06<br>johannes.prevost@imker-hinwil.ch<\/p>\n\n\n\n<h3 class=\"wp-block-heading\"><strong>Aufbau &amp; Betrieb:<\/strong><\/h3>\n\n\n\n<p><strong>Hinweis:<\/strong>&nbsp;Beachten Sie bitte auch die Sicherheitsvorschriften des Herstellers.<\/p>\n\n\n\n<div class=\"wp-block-columns is-layout-flex wp-container-core-columns-is-layout-9d6595d7 wp-block-columns-is-layout-flex\">\n<div class=\"wp-block-column is-layout-flow wp-block-column-is-layout-flow\">\n<figure class=\"wp-block-image size-full\"><img loading=\"lazy\" decoding=\"async\" width=\"1024\" height=\"768\" src=\"https:\/\/imker-hinwil.ch\/wp-content\/uploads\/2022\/03\/aufbau_gussform_nummerierung.jpg\" alt=\"\" class=\"wp-image-1111\" srcset=\"https:\/\/imker-hinwil.ch\/wp-content\/uploads\/2022\/03\/aufbau_gussform_nummerierung.jpg 1024w, https:\/\/imker-hinwil.ch\/wp-content\/uploads\/2022\/03\/aufbau_gussform_nummerierung-300x225.jpg 300w, https:\/\/imker-hinwil.ch\/wp-content\/uploads\/2022\/03\/aufbau_gussform_nummerierung-768x576.jpg 768w\" sizes=\"auto, (max-width: 1024px) 100vw, 1024px\" \/><\/figure>\n<\/div>\n\n\n\n<div class=\"wp-block-column is-layout-flow wp-block-column-is-layout-flow\">\n<ol class=\"wp-block-list\">\n<li>K\u00fchlwasserbeh\u00e4lter<\/li>\n\n\n\n<li>K\u00fchlwasserzulauf mit Wasserpumpe<\/li>\n\n\n\n<li>K\u00fchlwasserablauf<\/li>\n\n\n\n<li>Wachskocher<\/li>\n<\/ol>\n<\/div>\n<\/div>\n\n\n\n<h3 class=\"wp-block-heading\"><strong>Literatur:<\/strong><\/h3>\n\n\n\n<ul class=\"wp-block-list\">\n<li>Imdorf, A.; Bogdanov, S.; Kilchen &#8211; mann, V. (2004) Wachsumstellung im Rahmen der Bioimkerei. Schweizerische Bienen-Zeitung 127(11): 15\u201318.<\/li>\n\n\n\n<li>Sacher, Ch. (2012) Wabenbauerneuerung in einem Schritt. Schweizerische Bienen-Zeitung 135(6): 10\u201312.<\/li>\n\n\n\n<li>Binder-K\u00f6llhofer, B. (2013) Wissen f\u00fcr Fortgeschrittene l Wachs und Waben, Wachskreislauf: Offener Wachskreislauf: Altwachs heraus, Neuwachs hinein. ADIZ 47(1): 08-01-02\u201308-01-02.<\/li>\n<\/ul>\n\n\n\n<p><em>Quelle: Schweizerische Bienen-Zeitung 11\/2013<\/em><\/p>\n\n\n\n<h3 class=\"wp-block-heading\"><strong>Allgemeine Mietbestimmungen:<\/strong><\/h3>\n\n\n\n<ul class=\"wp-block-list\">\n<li>Vermietung ab&nbsp; 7 Tagen<\/li>\n\n\n\n<li>nur an Mitglieder des Imkervereins Bezirk Hinwil!<\/li>\n\n\n\n<li>Die Anlage muss gereinigt und in tadellosem Zustand zur\u00fcck gebracht werden<\/li>\n<\/ul>\n\n\n<div class=\"wpforms-container wpforms-container-full wpforms-block wpforms-block-6dacaab1-ade1-466c-b2ff-ffa6ad21d0da\" id=\"wpforms-744\"><form id=\"wpforms-form-744\" class=\"wpforms-validate wpforms-form wpforms-ajax-form\" data-formid=\"744\" method=\"post\" enctype=\"multipart\/form-data\" action=\"\/index.php?rest_route=%2Fwp%2Fv2%2Fpages%2F737\" data-token=\"7c35f449693156e7d685d18ec446caa7\" data-token-time=\"1777623174\"><noscript class=\"wpforms-error-noscript\">Bitte aktivieren Sie JavaScript in Ihrem Browser, um dieses Formular fertigzustellen.<\/noscript><div class=\"wpforms-field-container\"><div id=\"wpforms-744-field_1-container\" class=\"wpforms-field wpforms-field-name\" data-field-id=\"1\"><label class=\"wpforms-field-label\" for=\"wpforms-744-field_1\">Name <span class=\"wpforms-required-label\">*<\/span><\/label><div class=\"wpforms-field-row wpforms-field-medium\"><div class=\"wpforms-field-row-block wpforms-first wpforms-one-half\"><input type=\"text\" id=\"wpforms-744-field_1\" class=\"wpforms-field-name-first wpforms-field-required\" name=\"wpforms[fields][1][first]\" placeholder=\"Vorname\" required><label for=\"wpforms-744-field_1\" class=\"wpforms-field-sublabel after wpforms-sublabel-hide\">Vorname<\/label><\/div><div class=\"wpforms-field-row-block wpforms-one-half\"><input type=\"text\" id=\"wpforms-744-field_1-last\" class=\"wpforms-field-name-last wpforms-field-required\" name=\"wpforms[fields][1][last]\" placeholder=\"Nachname\" required><label for=\"wpforms-744-field_1-last\" class=\"wpforms-field-sublabel after wpforms-sublabel-hide\">Nachname<\/label><\/div><\/div><\/div><div id=\"wpforms-744-field_2-container\" class=\"wpforms-field wpforms-field-text\" data-field-id=\"2\"><label class=\"wpforms-field-label\" for=\"wpforms-744-field_2\">Strasse, Nr. <span class=\"wpforms-required-label\">*<\/span><\/label><input type=\"text\" id=\"wpforms-744-field_2\" class=\"wpforms-field-medium wpforms-field-required\" name=\"wpforms[fields][2]\" required><\/div><div id=\"wpforms-744-field_3-container\" class=\"wpforms-field wpforms-field-name\" data-field-id=\"3\"><label class=\"wpforms-field-label\" for=\"wpforms-744-field_3\">Ort <span class=\"wpforms-required-label\">*<\/span><\/label><div class=\"wpforms-field-row wpforms-field-medium\"><div class=\"wpforms-field-row-block wpforms-first wpforms-one-half\"><input type=\"text\" id=\"wpforms-744-field_3\" class=\"wpforms-field-name-first wpforms-field-required\" name=\"wpforms[fields][3][first]\" placeholder=\"PLZ\" required><label for=\"wpforms-744-field_3\" class=\"wpforms-field-sublabel after wpforms-sublabel-hide\">Vorname<\/label><\/div><div class=\"wpforms-field-row-block wpforms-one-half\"><input type=\"text\" id=\"wpforms-744-field_3-last\" class=\"wpforms-field-name-last wpforms-field-required\" name=\"wpforms[fields][3][last]\" placeholder=\"Ort\" required><label for=\"wpforms-744-field_3-last\" class=\"wpforms-field-sublabel after wpforms-sublabel-hide\">Nachname<\/label><\/div><\/div><\/div><div id=\"wpforms-744-field_5-container\" class=\"wpforms-field wpforms-field-text\" data-field-id=\"5\"><label class=\"wpforms-field-label\" for=\"wpforms-744-field_5\">Telefon <span class=\"wpforms-required-label\">*<\/span><\/label><input type=\"text\" id=\"wpforms-744-field_5\" class=\"wpforms-field-medium wpforms-field-required\" name=\"wpforms[fields][5]\" required><\/div><div id=\"wpforms-744-field_4-container\" class=\"wpforms-field wpforms-field-email\" data-field-id=\"4\"><label class=\"wpforms-field-label\" for=\"wpforms-744-field_4\">E-Mail <span class=\"wpforms-required-label\">*<\/span><\/label><input type=\"email\" id=\"wpforms-744-field_4\" class=\"wpforms-field-medium wpforms-field-required\" name=\"wpforms[fields][4]\" spellcheck=\"false\" required><\/div><div id=\"wpforms-744-field_6-container\" class=\"wpforms-field wpforms-field-textarea\" data-field-id=\"6\"><label class=\"wpforms-field-label\" for=\"wpforms-744-field_6\">Nachricht<\/label><textarea id=\"wpforms-744-field_6\" class=\"wpforms-field-medium\" name=\"wpforms[fields][6]\" ><\/textarea><\/div><\/div><!-- .wpforms-field-container --><div class=\"wpforms-recaptcha-container wpforms-is-hcaptcha\" ><div class=\"h-captcha\" data-sitekey=\"84f6bdca-b236-4109-85e7-a354ef6f9e68\"><\/div><input type=\"text\" name=\"g-recaptcha-hidden\" class=\"wpforms-recaptcha-hidden\" style=\"position:absolute!important;clip:rect(0,0,0,0)!important;height:1px!important;width:1px!important;border:0!important;overflow:hidden!important;padding:0!important;margin:0!important;\" data-rule-hcaptcha=\"1\"><\/div><div class=\"wpforms-submit-container\" ><input type=\"hidden\" name=\"wpforms[id]\" value=\"744\"><input type=\"hidden\" name=\"page_title\" value=\"\"><input type=\"hidden\" name=\"page_url\" value=\"https:\/\/imker-hinwil.ch\/index.php?rest_route=\/wp\/v2\/pages\/737\"><input type=\"hidden\" name=\"url_referer\" value=\"\"><button type=\"submit\" name=\"wpforms[submit]\" id=\"wpforms-submit-744\" class=\"wpforms-submit\" data-alt-text=\"Wird gesendet...\" data-submit-text=\"Senden\" aria-live=\"assertive\" value=\"wpforms-submit\">Senden<\/button><img loading=\"lazy\" decoding=\"async\" src=\"https:\/\/imker-hinwil.ch\/wp-content\/plugins\/wpforms-lite\/assets\/images\/submit-spin.svg\" class=\"wpforms-submit-spinner\" style=\"display: none;\" width=\"26\" height=\"26\" alt=\"Wird geladen\"><\/div><\/form><\/div>  <!-- .wpforms-container -->","protected":false},"excerpt":{"rendered":"<p>Hier k\u00f6nnen Honigetiketten und Goldsiegel gekauft werden. Ausserdem kann eine Wabengiessanlage im CH-Mass gemietet werden und die Verwendung der Ger\u00e4te f\u00fcr einen eigenen Wachskreislauf wird zur Verf\u00fcgung gestellt. Neu kann auch ein Entdecklungswachsschmelzer gemietet werden. Entdecklungswachsschmelzer Unser Vereinsmitglied Anita Heusser aus B\u00e4retswil vermietet ihren Deckelwachsschmelzer. Damit k\u00f6nnen Waben und Deckelwachs zur Gewinnung von Wachs und&hellip;&nbsp;<a href=\"https:\/\/imker-hinwil.ch\/?page_id=737\" rel=\"bookmark\">Weiterlesen &raquo;<span class=\"screen-reader-text\">Angebote &amp; Shop<\/span><\/a><\/p>\n","protected":false},"author":1,"featured_media":0,"parent":0,"menu_order":0,"comment_status":"closed","ping_status":"closed","template":"","meta":{"neve_meta_sidebar":"","neve_meta_container":"","neve_meta_enable_content_width":"","neve_meta_content_width":0,"neve_meta_title_alignment":"","neve_meta_author_avatar":"","neve_post_elements_order":"","neve_meta_disable_header":"","neve_meta_disable_footer":"","neve_meta_disable_title":"","footnotes":""},"class_list":["post-737","page","type-page","status-publish","hentry"],"_links":{"self":[{"href":"https:\/\/imker-hinwil.ch\/index.php?rest_route=\/wp\/v2\/pages\/737","targetHints":{"allow":["GET"]}}],"collection":[{"href":"https:\/\/imker-hinwil.ch\/index.php?rest_route=\/wp\/v2\/pages"}],"about":[{"href":"https:\/\/imker-hinwil.ch\/index.php?rest_route=\/wp\/v2\/types\/page"}],"author":[{"embeddable":true,"href":"https:\/\/imker-hinwil.ch\/index.php?rest_route=\/wp\/v2\/users\/1"}],"replies":[{"embeddable":true,"href":"https:\/\/imker-hinwil.ch\/index.php?rest_route=%2Fwp%2Fv2%2Fcomments&post=737"}],"version-history":[{"count":20,"href":"https:\/\/imker-hinwil.ch\/index.php?rest_route=\/wp\/v2\/pages\/737\/revisions"}],"predecessor-version":[{"id":2054,"href":"https:\/\/imker-hinwil.ch\/index.php?rest_route=\/wp\/v2\/pages\/737\/revisions\/2054"}],"wp:attachment":[{"href":"https:\/\/imker-hinwil.ch\/index.php?rest_route=%2Fwp%2Fv2%2Fmedia&parent=737"}],"curies":[{"name":"wp","href":"https:\/\/api.w.org\/{rel}","templated":true}]}}