{"id":5,"date":"2020-01-13T11:17:52","date_gmt":"2020-01-13T11:17:52","guid":{"rendered":"https:\/\/demosites.io\/web-agency-gb\/?page_id=5"},"modified":"2026-03-28T11:28:20","modified_gmt":"2026-03-28T10:28:20","slug":"15c42-web-agency-gb-home","status":"publish","type":"page","link":"https:\/\/imker-hinwil.ch\/","title":{"rendered":"Startseite"},"content":{"rendered":"\n<div class=\"wp-block-cover alignfull is-light\" style=\"min-height:500px;aspect-ratio:unset;\"><img loading=\"lazy\" decoding=\"async\" width=\"2560\" height=\"1641\" class=\"wp-block-cover__image-background wp-image-394\" alt=\"\" src=\"https:\/\/imker-hinwil.ch\/wp-content\/uploads\/2021\/12\/pexels-alexas-fotos-7422421-scaled.jpg\" style=\"object-position:50% 25%\" data-object-fit=\"cover\" data-object-position=\"50% 25%\" srcset=\"https:\/\/imker-hinwil.ch\/wp-content\/uploads\/2021\/12\/pexels-alexas-fotos-7422421-scaled.jpg 2560w, https:\/\/imker-hinwil.ch\/wp-content\/uploads\/2021\/12\/pexels-alexas-fotos-7422421-300x192.jpg 300w, https:\/\/imker-hinwil.ch\/wp-content\/uploads\/2021\/12\/pexels-alexas-fotos-7422421-1024x656.jpg 1024w, https:\/\/imker-hinwil.ch\/wp-content\/uploads\/2021\/12\/pexels-alexas-fotos-7422421-768x492.jpg 768w, https:\/\/imker-hinwil.ch\/wp-content\/uploads\/2021\/12\/pexels-alexas-fotos-7422421-1536x985.jpg 1536w, https:\/\/imker-hinwil.ch\/wp-content\/uploads\/2021\/12\/pexels-alexas-fotos-7422421-2048x1313.jpg 2048w\" sizes=\"auto, (max-width: 2560px) 100vw, 2560px\" \/><span aria-hidden=\"true\" class=\"wp-block-cover__background has-background-dim-0 has-background-dim\"><\/span><div class=\"wp-block-cover__inner-container is-layout-flow wp-block-cover-is-layout-flow\">\n<h1 class=\"wp-block-heading has-text-align-center has-text-color\" id=\"imkerverein\" style=\"color:#7f4a1e\">Imkerverein<\/h1>\n\n\n\n<h1 class=\"wp-block-heading has-text-align-center has-text-color\" id=\"hinwil\" style=\"color:#7f4a1e\">Bezirk Hinwil<\/h1>\n\n\n\n<div class=\"wp-block-buttons is-horizontal is-content-justification-center is-layout-flex wp-container-core-buttons-is-layout-499968f5 wp-block-buttons-is-layout-flex\"><\/div>\n\n\n\n<div style=\"height:80px\" aria-hidden=\"true\" class=\"wp-block-spacer\"><\/div>\n<\/div><\/div>\n\n\n\n<div style=\"height:50px\" aria-hidden=\"true\" class=\"wp-block-spacer\"><\/div>\n\n\n\n<div class=\"wp-block-columns is-layout-flex wp-container-core-columns-is-layout-9d6595d7 wp-block-columns-is-layout-flex\">\n<div class=\"wp-block-column is-layout-flow wp-block-column-is-layout-flow\" style=\"flex-basis:66.66%\">\n<h2 class=\"wp-block-heading\" id=\"letzte-beitrage\">Letzte Beitr\u00e4ge<\/h2>\n\n\n\n<div class=\"wp-block-query is-layout-flow wp-block-query-is-layout-flow\"><ul class=\"wp-block-post-template is-layout-flow wp-block-post-template-is-layout-flow\"><li class=\"wp-block-post post-2167 post type-post status-publish format-standard has-post-thumbnail hentry category-uncategorized\">\n<h3 class=\"wp-block-post-title has-text-color has-neve-text-color-color\">Jungvolkbildung<\/h3>\n\n<figure class=\"wp-block-post-featured-image\"><a href=\"https:\/\/imker-hinwil.ch\/?p=2167\" target=\"_self\"  ><img loading=\"lazy\" decoding=\"async\" width=\"2016\" height=\"1075\" src=\"https:\/\/imker-hinwil.ch\/wp-content\/uploads\/2026\/04\/image.png\" class=\"attachment-post-thumbnail size-post-thumbnail wp-post-image\" alt=\"Jungvolkbildung\" style=\"object-fit:cover;\" srcset=\"https:\/\/imker-hinwil.ch\/wp-content\/uploads\/2026\/04\/image.png 2016w, https:\/\/imker-hinwil.ch\/wp-content\/uploads\/2026\/04\/image-300x160.png 300w, https:\/\/imker-hinwil.ch\/wp-content\/uploads\/2026\/04\/image-1024x546.png 1024w, https:\/\/imker-hinwil.ch\/wp-content\/uploads\/2026\/04\/image-768x410.png 768w, https:\/\/imker-hinwil.ch\/wp-content\/uploads\/2026\/04\/image-1536x819.png 1536w, https:\/\/imker-hinwil.ch\/wp-content\/uploads\/2026\/04\/image-1320x704.png 1320w\" sizes=\"auto, (max-width: 2016px) 100vw, 2016px\" \/><\/a><\/figure>\n\n<div class=\"wp-block-post-excerpt\"><p class=\"wp-block-post-excerpt__excerpt\">Idealerweise werden im Winter verlorene V\u00f6lker durch selbst gebildete Jungv\u00f6lker oder durch zugekaufte V\u00f6lker aus der eigenen Region ersetzt. In Zusammenhang mit dem Kauf und Verkauf von Bienen gibt es einiges zu beachten (siehe\u00a0Merkblatt 4.11.). Imkerinnen und Imker sollten vermehrt auf die eigene Jungvolkbildung setzen. Je nach gew\u00fcnschter Jungvolkbildungsmethode beginnt der ideale Zeitpunkt f\u00fcr die&hellip; <\/p><\/div>\n\n<div class=\"wp-block-post-date\"><time datetime=\"2026-04-09T16:21:00+02:00\">9. April 2026<\/time><\/div>\n\n\n<hr class=\"wp-block-separator has-css-opacity\"\/>\n\n<\/li><li class=\"wp-block-post post-2162 post type-post status-publish format-standard has-post-thumbnail hentry category-uncategorized tag-futterknappheit tag-futterkontrolle\">\n<h3 class=\"wp-block-post-title has-text-color has-neve-text-color-color\">Futterkontrolle<\/h3>\n\n<figure class=\"wp-block-post-featured-image\"><a href=\"https:\/\/imker-hinwil.ch\/?p=2162\" target=\"_self\"  ><img loading=\"lazy\" decoding=\"async\" width=\"1357\" height=\"724\" src=\"https:\/\/imker-hinwil.ch\/wp-content\/uploads\/2026\/03\/image-8.png\" class=\"attachment-post-thumbnail size-post-thumbnail wp-post-image\" alt=\"Futterkontrolle\" style=\"object-fit:cover;\" srcset=\"https:\/\/imker-hinwil.ch\/wp-content\/uploads\/2026\/03\/image-8.png 1357w, https:\/\/imker-hinwil.ch\/wp-content\/uploads\/2026\/03\/image-8-300x160.png 300w, https:\/\/imker-hinwil.ch\/wp-content\/uploads\/2026\/03\/image-8-1024x546.png 1024w, https:\/\/imker-hinwil.ch\/wp-content\/uploads\/2026\/03\/image-8-768x410.png 768w, https:\/\/imker-hinwil.ch\/wp-content\/uploads\/2026\/03\/image-8-1320x704.png 1320w\" sizes=\"auto, (max-width: 1357px) 100vw, 1357px\" \/><\/a><\/figure>\n\n<div class=\"wp-block-post-excerpt\"><p class=\"wp-block-post-excerpt__excerpt\">Wegen dem aktuell sehr wechselhaften Wetter und den mitunter tiefen Temperaturen, sind die Futtervorr\u00e4te je nach Region teilweise knapp geworden. \u00dcberpr\u00fcfen Sie jetzt bitte all Ihre V\u00f6lker. Bei Futterknappheit sind die Bienen\u00a0umgehend\u00a0zu f\u00fcttern, am besten mit betriebseigenem Honig oder Reserve-Futterwaben. N\u00e4chste Online Live-Veranstaltungen Der BGD bietet \u00fcbers Internet kurze Weiterbildungssequenzen zu ca. 30 Minuten an.Die&hellip; <\/p><\/div>\n\n<div class=\"wp-block-post-date\"><time datetime=\"2026-03-30T13:31:34+02:00\">30. M\u00e4rz 2026<\/time><\/div>\n\n\n<hr class=\"wp-block-separator has-css-opacity\"\/>\n\n<\/li><li class=\"wp-block-post post-2157 post type-post status-publish format-standard has-post-thumbnail hentry category-uncategorized\">\n<h3 class=\"wp-block-post-title has-text-color has-neve-text-color-color\">Vergiftungsverdachte<\/h3>\n\n<figure class=\"wp-block-post-featured-image\"><a href=\"https:\/\/imker-hinwil.ch\/?p=2157\" target=\"_self\"  ><img loading=\"lazy\" decoding=\"async\" width=\"2542\" height=\"1356\" src=\"https:\/\/imker-hinwil.ch\/wp-content\/uploads\/2026\/03\/image-7.png\" class=\"attachment-post-thumbnail size-post-thumbnail wp-post-image\" alt=\"Vergiftungsverdachte\" style=\"object-fit:cover;\" srcset=\"https:\/\/imker-hinwil.ch\/wp-content\/uploads\/2026\/03\/image-7.png 2542w, https:\/\/imker-hinwil.ch\/wp-content\/uploads\/2026\/03\/image-7-300x160.png 300w, https:\/\/imker-hinwil.ch\/wp-content\/uploads\/2026\/03\/image-7-1024x546.png 1024w, https:\/\/imker-hinwil.ch\/wp-content\/uploads\/2026\/03\/image-7-768x410.png 768w, https:\/\/imker-hinwil.ch\/wp-content\/uploads\/2026\/03\/image-7-1536x819.png 1536w, https:\/\/imker-hinwil.ch\/wp-content\/uploads\/2026\/03\/image-7-2048x1092.png 2048w, https:\/\/imker-hinwil.ch\/wp-content\/uploads\/2026\/03\/image-7-1320x704.png 1320w\" sizes=\"auto, (max-width: 2542px) 100vw, 2542px\" \/><\/a><\/figure>\n\n<div class=\"wp-block-post-excerpt\"><p class=\"wp-block-post-excerpt__excerpt\">Die meisten akuten Bienenvergiftungen treten im April und Mai auf, wenn Obst- und Rapskulturen in voller Bl\u00fcte stehen. Betroffen sind oft alle V\u00f6lker an einem Bienenstand. Anzeichen einer Vergiftung k\u00f6nnen sein: Was ist zu tun? Melden Sie jeden Verdacht umgehend dem BGD (0800 274 274,&nbsp;info@apiservice.ch) und kontaktieren Sie schnellstens die Bieneninspektorin\/den Bieneninspektor. Sie\/er kann allf\u00e4llige&hellip; <\/p><\/div>\n\n<div class=\"wp-block-post-date\"><time datetime=\"2026-03-26T07:40:05+01:00\">26. M\u00e4rz 2026<\/time><\/div>\n\n\n<hr class=\"wp-block-separator has-css-opacity\"\/>\n\n<\/li><\/ul><\/div>\n\n\n\n<div class=\"wp-block-buttons is-layout-flex wp-block-buttons-is-layout-flex\"><\/div>\n<\/div>\n\n\n\n<div class=\"wp-block-column is-layout-flow wp-block-column-is-layout-flow\" style=\"flex-basis:33.33%\">\n<h3 class=\"wp-block-heading\" id=\"termine\">Termine<\/h3>\n\n\n\n<figure class=\"wp-block-table\">\n<div class=\"termine\">\n<p><!--\n\n\n\n\n\n\n\n\n\n\n\n\n\n\n\n\n\n\n\n\n\n\n\n\n\n\n\n\n\n\n\n\n\n\n\n\n\n\n\n\n\n\n\n\n\n\n\n\n\n\n\n\n\n\n\n\n\n\n\n\n\n\n\n\n\n\n\n\n\n\n\n<tr>\n\n\n\n\n\n\n\n\n\n\n\n\n\n\n\n\n\n\n\n\n\n\n\n\n\n\n\n\n\n\n\n\n\n\n\n\n\n\n\n\n\n\n\n\n\n\n\n\n\n\n\n\n\n\n\n\n\n\n\n\n\n\n\n\n\n\n\n\n\n\n<td>\u00a0<\/td>\n\n\n\n\n\n\n\n\n\n\n\n\n\n\n\n\n\n\n\n\n\n\n\n\n\n\n\n\n\n\n\n\n\n\n\n\n\n\n\n\n\n\n\n\n\n\n\n\n\n\n\n\n\n\n\n\n\n\n\n\n\n\n\n\n\n\n\n\n\n\n\n\n\n\n\n\n\n\n\n\n\n\n\n\n\n\n\n\n\n\n\n\n\n\n\n\n\n\n\n\n\n\n\n\n\n\n\n\n\n\n\n\n\n\n\n\n\n\n\n\n\n\n\n\n\n\n\n\n\n\n\n\n\n\n\n\n\n\n\n\n<td>\u00a0<\/td>\n\n\n\n\n\n\n\n\n\n\n\n\n\n\n\n\n\n\n\n\n\n\n\n\n\n\n\n\n\n\n\n\n\n\n\n\n\n\n\n\n\n\n\n\n\n\n\n\n\n\n\n\n\n\n\n\n\n\n\n\n\n\n\n\n\n\n\n\n\n\n<\/tr>\n\n\n\n\n\n\n\n\n\n\n\n\n\n\n\n\n\n\n\n\n\n\n\n\n\n\n\n\n\n\n\n\n\n\n\n\n\n\n\n\n\n\n\n\n\n\n\n\n\n\n\n\n\n\n\n\n\n\n\n\n\n\n\n\n\n\n\n\n\n\n\n\n--><\/p>\n<table>\n<tbody>\n<tr>\n<td><strong>Freitag, 17.04.26<\/strong><br \/>Restaurant Sonne Jakob Stutz-<br \/>strasse 1<br \/>8335 Hittnau<br \/>20:00 Uhr<\/td>\n<td><strong>Generalversammlung<\/strong><br \/>Belegstelle Beicher\u00a0<\/td>\n<\/tr>\n<tr>\n<td><strong>Montag, 04.05.26<\/strong><br \/>Belegstelle Beicher\u00a0<br \/>8496 Steg<br \/>14:00 Uhr<\/td>\n<td><strong>Pf\u00e4hlen<\/strong><br \/>Belegstelle Beicher\u00a0<\/td>\n<\/tr>\n<tr>\n<td><strong>Freitag, 22.05.26<\/strong><br \/>Belegstelle Beicher\u00a0<br \/>8496 Steg<br \/>18:00 Uhr<\/td>\n<td><strong>Er\u00f6ffnung<\/strong><br \/>Belegstelle Beicher\u00a0<\/td>\n<\/tr>\n<tr>\n<td><strong>Dienstag, 02.06.26<\/strong><br \/>Stiftung Ancora Meilestei<br \/>M\u00fchlebachstrasse 18 8124 Maur<br \/>19:30 Uhr<\/td>\n<td><strong>Standbesuch<\/strong><br \/>Thema: Bienenkugel und Stiftung<\/td>\n<\/tr>\n<tr>\n<td><strong>Freitag, 19.06.26<\/strong><br \/>Belegstelle Beicher\u00a0<br \/>8496 Steg<br \/>18:00 Uhr<\/td>\n<td><strong>Br\u00e4teln im Beicher<\/strong><br \/>Belegstelle Beicher\u00a0<\/td>\n<\/tr>\n<tr>\n<td><strong>Dienstag, 14.07.26<\/strong><br \/>Paul D\u00fctschler<br \/>Dachseggstrasse 32\u00a0<br \/>8636 Wald<br \/>19:30 Uhr<\/td>\n<td><strong>Standbesuch<\/strong><br \/>Thema: zusammen imkern<\/td>\n<\/tr>\n<tr>\n<td><strong>Freitag, 14.08.26<\/strong><br \/>Belegstelle Beicher\u00a0<br \/>8496 Steg<br \/>20:00 Uhr<\/td>\n<td><strong>Schliessung<\/strong><br \/>Belegstelle Beicher\u00a0<\/td>\n<\/tr>\n<tr>\n<td><strong>Freitag,??.??.26<\/strong><br \/>Ort: ???<\/td>\n<td><strong>Eventuell Standbesuch<\/strong><br \/>Thema: ???<\/td>\n<\/tr>\n<tr>\n<td><strong>Samstag, 05.09.26<\/strong><br \/>Blaserhaus, Ober<br \/>Ettenhauserstr. 8<br \/>8340 Hinwil<br \/>16:00 Uhr<\/td>\n<td>\n<p><b>Jubil\u00e4umsfest \u00a0 \u00a0 \u00a0<\/b><\/p>\n<p><b> <\/b>125 Jahre Imkerverein Bezirk Hinwil<\/p>\n<\/td>\n<\/tr>\n<tr>\n<td><strong>Freitag, ??.??.26<\/strong><br \/>Berufsschule G\u00e4rtner<br \/>B\u00fchlstrasse 41<br \/>8620 Wetzikon<br \/>19:30 Uhr<\/td>\n<td><strong>Imkerh\u00f6ck<\/strong><br \/>Thema: Workshop\u00a0<\/td>\n<\/tr>\n<tr>\n<td><strong>Freitag, ??.01.27<\/strong><br \/>Berufsschule G\u00e4rtner<br \/>B\u00fchlstrasse 41<br \/>8620 Wetzikon<br \/>19:30 Uhr<\/td>\n<td><strong>Imkerh\u00f6ck<\/strong><br \/>Thema: ???<\/td>\n<\/tr>\n<tr>\n<td><strong>Freitag, ??.02.27<\/strong><br \/>Berufsschule G\u00e4rtner<br \/>B\u00fchlstrasse 41<br \/>8620 Wetzikon<br \/>19:30 Uhr<\/td>\n<td><strong>Imkerh\u00f6ck<\/strong><br \/>Thema: ???\u00a0<\/td>\n<\/tr>\n<\/tbody>\n<\/table>\n<\/div>\n<\/figure>\n<p><!--more--><\/p>\n<p><!--more--><\/p>\n\n\n\n<h3 class=\"wp-block-heading\" id=\"newsletter\">Newsletter<\/h3>\n\n\n  \n  \n  <div class=\"\n    mailpoet_form_popup_overlay\n      \"><\/div>\n  <div\n    id=\"mailpoet_form_1\"\n    class=\"\n      mailpoet_form\n      mailpoet_form_html\n      mailpoet_form_position_\n      mailpoet_form_animation_\n    \"\n      >\n\n    <style type=\"text\/css\">\n     #mailpoet_form_1 .mailpoet_form {  }\n#mailpoet_form_1 form { margin-bottom: 0; }\n#mailpoet_form_1 p.mailpoet_form_paragraph { margin-bottom: 10px; }\n#mailpoet_form_1 .mailpoet_column_with_background { padding: 10px; }\n#mailpoet_form_1 .mailpoet_form_column:not(:first-child) { margin-left: 20px; }\n#mailpoet_form_1 .mailpoet_paragraph { line-height: 20px; margin-bottom: 20px; }\n#mailpoet_form_1 .mailpoet_segment_label, #mailpoet_form_1 .mailpoet_text_label, #mailpoet_form_1 .mailpoet_textarea_label, #mailpoet_form_1 .mailpoet_select_label, #mailpoet_form_1 .mailpoet_radio_label, #mailpoet_form_1 .mailpoet_checkbox_label, #mailpoet_form_1 .mailpoet_list_label, #mailpoet_form_1 .mailpoet_date_label { display: block; font-weight: normal; }\n#mailpoet_form_1 .mailpoet_text, #mailpoet_form_1 .mailpoet_textarea, #mailpoet_form_1 .mailpoet_select, #mailpoet_form_1 .mailpoet_date_month, #mailpoet_form_1 .mailpoet_date_day, #mailpoet_form_1 .mailpoet_date_year, #mailpoet_form_1 .mailpoet_date { display: block; }\n#mailpoet_form_1 .mailpoet_text, #mailpoet_form_1 .mailpoet_textarea { width: 200px; }\n#mailpoet_form_1 .mailpoet_checkbox {  }\n#mailpoet_form_1 .mailpoet_submit {  }\n#mailpoet_form_1 .mailpoet_divider {  }\n#mailpoet_form_1 .mailpoet_message {  }\n#mailpoet_form_1 .mailpoet_form_loading { width: 30px; text-align: center; line-height: normal; }\n#mailpoet_form_1 .mailpoet_form_loading > span { width: 5px; height: 5px; background-color: #5b5b5b; }#mailpoet_form_1{border-radius: 0px;background: #ffffff;color: #000000;text-align: left;}#mailpoet_form_1 form.mailpoet_form {padding: 10px;}#mailpoet_form_1{width: 100%;}#mailpoet_form_1 .mailpoet_message {margin: 0; padding: 0 20px;}\n        #mailpoet_form_1 .mailpoet_validate_success {color: #fcb900}\n        #mailpoet_form_1 input.parsley-success {color: #fcb900}\n        #mailpoet_form_1 select.parsley-success {color: #fcb900}\n        #mailpoet_form_1 textarea.parsley-success {color: #fcb900}\n      \n        #mailpoet_form_1 .mailpoet_validate_error {color: #cf2e2e}\n        #mailpoet_form_1 input.parsley-error {color: #cf2e2e}\n        #mailpoet_form_1 select.parsley-error {color: #cf2e2e}\n        #mailpoet_form_1 textarea.textarea.parsley-error {color: #cf2e2e}\n        #mailpoet_form_1 .parsley-errors-list {color: #cf2e2e}\n        #mailpoet_form_1 .parsley-required {color: #cf2e2e}\n        #mailpoet_form_1 .parsley-custom-error-message {color: #cf2e2e}\n      #mailpoet_form_1 .mailpoet_paragraph.last {margin-bottom: 0} @media (max-width: 500px) {#mailpoet_form_1 {background: #ffffff;}} @media (min-width: 500px) {#mailpoet_form_1 .last .mailpoet_paragraph:last-child {margin-bottom: 0}}  @media (max-width: 500px) {#mailpoet_form_1 .mailpoet_form_column:last-child .mailpoet_paragraph:last-child {margin-bottom: 0}} \n    <\/style>\n\n    <form\n      target=\"_self\"\n      method=\"post\"\n      action=\"https:\/\/imker-hinwil.ch\/wp-admin\/admin-post.php?action=mailpoet_subscription_form\"\n      class=\"mailpoet_form mailpoet_form_form mailpoet_form_html\"\n      novalidate\n      data-delay=\"\"\n      data-exit-intent-enabled=\"\"\n      data-font-family=\"\"\n      data-cookie-expiration-time=\"\"\n    >\n      <input type=\"hidden\" name=\"data[form_id]\" value=\"1\" \/>\n      <input type=\"hidden\" name=\"token\" value=\"e1549a684b\" \/>\n      <input type=\"hidden\" name=\"api_version\" value=\"v1\" \/>\n      <input type=\"hidden\" name=\"endpoint\" value=\"subscribers\" \/>\n      <input type=\"hidden\" name=\"mailpoet_method\" value=\"subscribe\" \/>\n\n      <label class=\"mailpoet_hp_email_label\" style=\"display: none !important;\">Bitte lassen Sie dieses Feld leer<input type=\"email\" name=\"data[email]\"\/><\/label><div class='mailpoet_spacer' style='height: 10px;'><\/div>\n<p class=\"mailpoet_form_paragraph  mailpoet-has-font-size\" style=\"text-align: center; color: #000000; font-size: 14px; line-height: 1.5\"><strong><span style=\"font-family: Nunito\" data-font=\"Nunito\" class=\"mailpoet-has-font\">Melde dich an, um \u00fcber neue Beitr\u00e4ge informiert zu werden.<\/span><\/strong><\/p>\n<div class=\"mailpoet_paragraph \"><input type=\"email\" autocomplete=\"email\" class=\"mailpoet_text\" id=\"form_email_1\" name=\"data[form_field_MTIyMGQzYjY5Zjk4X2VtYWls]\" title=\"E-Mail\" value=\"\" style=\"width:100%;box-sizing:border-box;background-color:#f1f1f1;border-style:solid;border-radius:40px !important;border-width:0px;border-color:#313131;padding:15px;margin: 0 auto 0 0;font-family:&#039;Nunito&#039;;font-size:15px;line-height:1.5;height:auto;\" data-automation-id=\"form_email\"  placeholder=\"E-Mail *\" aria-label=\"E-Mail *\" data-parsley-errors-container=\".mailpoet_error_hg4na\" data-parsley-required=\"true\" required aria-required=\"true\" data-parsley-minlength=\"6\" data-parsley-maxlength=\"150\" data-parsley-type-message=\"Dieser Wert sollte eine g\u00fcltige E-Mail-Adresse sein.\" data-parsley-required-message=\"Das ist ein Pflichtfeld.\"\/><span class=\"mailpoet_error_hg4na\"><\/span><\/div>\n<div class=\"mailpoet_paragraph \"><input type=\"submit\" class=\"mailpoet_submit\" value=\"F\u00fcr den Newsletter anmelden\" data-automation-id=\"subscribe-submit-button\" data-font-family='Nunito' style=\"width:100%;box-sizing:border-box;background-color:#fcb900;border-style:solid;border-radius:40px !important;border-width:0px;border-color:#313131;padding:15px;margin: 0 auto 0 0;font-family:&#039;Nunito&#039;;font-size:15px;line-height:1.5;height:auto;color:#000000;font-weight:bold;\" \/><span class=\"mailpoet_form_loading\"><span class=\"mailpoet_bounce1\"><\/span><span class=\"mailpoet_bounce2\"><\/span><span class=\"mailpoet_bounce3\"><\/span><\/span><\/div>\n<p class=\"mailpoet_form_paragraph  mailpoet-has-font-size\" style=\"text-align: center; font-size: 13px; line-height: 1.5\"><em>Lese unsere <a href=\"#\">Datenschutzerkl\u00e4rung<\/a> f\u00fcr mehr Informationen.<\/em><\/p>\n\n      <div class=\"mailpoet_message\">\n        <p class=\"mailpoet_validate_success\"\n                style=\"display:none;\"\n                >\u00dcberpr\u00fcfe den E-Mail-Postfach um deine E-Mail-Adresse zu best\u00e4tigen.\n        <\/p>\n        <p class=\"mailpoet_validate_error\"\n                style=\"display:none;\"\n                >        <\/p>\n      <\/div>\n    <\/form>\n\n      <\/div>\n\n  \n\n\n<h3 class=\"wp-block-heading\" id=\"suche\">Suche<\/h3>\n\n\n<form role=\"search\" method=\"get\" action=\"https:\/\/imker-hinwil.ch\/\" class=\"wp-block-search__button-outside wp-block-search__icon-button wp-block-search\"    ><label class=\"wp-block-search__label screen-reader-text\" for=\"wp-block-search__input-1\" ><strong>Suchen<\/strong><\/label><div class=\"wp-block-search__inside-wrapper\" ><input class=\"wp-block-search__input\" id=\"wp-block-search__input-1\" placeholder=\"\" value=\"\" type=\"search\" name=\"s\" required \/><button aria-label=\"Suchen\" class=\"wp-block-search__button has-icon wp-element-button\" type=\"submit\" ><svg class=\"search-icon\" viewBox=\"0 0 24 24\" width=\"24\" height=\"24\">\n\t\t\t\t\t<path d=\"M13 5c-3.3 0-6 2.7-6 6 0 1.4.5 2.7 1.3 3.7l-3.8 3.8 1.1 1.1 3.8-3.8c1 .8 2.3 1.3 3.7 1.3 3.3 0 6-2.7 6-6S16.3 5 13 5zm0 10.5c-2.5 0-4.5-2-4.5-4.5s2-4.5 4.5-4.5 4.5 2 4.5 4.5-2 4.5-4.5 4.5z\"><\/path>\n\t\t\t\t<\/svg><\/button><\/div><\/form><\/div>\n<\/div>\n","protected":false},"excerpt":{"rendered":"<p>Freitag, 17.04.26Restaurant Sonne Jakob Stutz-strasse 18335 Hittnau20:00 Uhr GeneralversammlungBelegstelle Beicher\u00a0 Montag, 04.05.26Belegstelle Beicher\u00a08496 Steg14:00 Uhr Pf\u00e4hlenBelegstelle Beicher\u00a0 Freitag, 22.05.26Belegstelle Beicher\u00a08496 Steg18:00 Uhr Er\u00f6ffnungBelegstelle Beicher\u00a0 Dienstag, 02.06.26Stiftung Ancora MeilesteiM\u00fchlebachstrasse 18 8124 Maur19:30 Uhr StandbesuchThema: Bienenkugel und Stiftung Freitag, 19.06.26Belegstelle Beicher\u00a08496 Steg18:00 Uhr Br\u00e4teln im BeicherBelegstelle Beicher\u00a0 Dienstag, 14.07.26Paul D\u00fctschlerDachseggstrasse 32\u00a08636 Wald19:30 Uhr StandbesuchThema: zusammen imkern Freitag,&hellip;&nbsp;<a href=\"https:\/\/imker-hinwil.ch\/\" rel=\"bookmark\">Weiterlesen &raquo;<span class=\"screen-reader-text\">Startseite<\/span><\/a><\/p>\n","protected":false},"author":1,"featured_media":0,"parent":0,"menu_order":0,"comment_status":"closed","ping_status":"closed","template":"","meta":{"neve_meta_sidebar":"default","neve_meta_container":"default","neve_meta_enable_content_width":"on","neve_meta_content_width":100,"neve_meta_title_alignment":"","neve_meta_author_avatar":"","neve_post_elements_order":"","neve_meta_disable_header":"","neve_meta_disable_footer":"","neve_meta_disable_title":"on","footnotes":""},"class_list":["post-5","page","type-page","status-publish","hentry"],"_links":{"self":[{"href":"https:\/\/imker-hinwil.ch\/index.php?rest_route=\/wp\/v2\/pages\/5","targetHints":{"allow":["GET"]}}],"collection":[{"href":"https:\/\/imker-hinwil.ch\/index.php?rest_route=\/wp\/v2\/pages"}],"about":[{"href":"https:\/\/imker-hinwil.ch\/index.php?rest_route=\/wp\/v2\/types\/page"}],"author":[{"embeddable":true,"href":"https:\/\/imker-hinwil.ch\/index.php?rest_route=\/wp\/v2\/users\/1"}],"replies":[{"embeddable":true,"href":"https:\/\/imker-hinwil.ch\/index.php?rest_route=%2Fwp%2Fv2%2Fcomments&post=5"}],"version-history":[{"count":127,"href":"https:\/\/imker-hinwil.ch\/index.php?rest_route=\/wp\/v2\/pages\/5\/revisions"}],"predecessor-version":[{"id":2161,"href":"https:\/\/imker-hinwil.ch\/index.php?rest_route=\/wp\/v2\/pages\/5\/revisions\/2161"}],"wp:attachment":[{"href":"https:\/\/imker-hinwil.ch\/index.php?rest_route=%2Fwp%2Fv2%2Fmedia&parent=5"}],"curies":[{"name":"wp","href":"https:\/\/api.w.org\/{rel}","templated":true}]}}