{"id":2110,"date":"2026-02-15T17:49:36","date_gmt":"2026-02-15T16:49:36","guid":{"rendered":"https:\/\/imker-hinwil.ch\/?page_id=2110"},"modified":"2026-02-15T19:25:54","modified_gmt":"2026-02-15T18:25:54","slug":"fuehrungen","status":"publish","type":"page","link":"https:\/\/imker-hinwil.ch\/?page_id=2110","title":{"rendered":"F\u00fchrungen"},"content":{"rendered":"\n<div class=\"wp-block-columns is-layout-flex wp-container-core-columns-is-layout-9d6595d7 wp-block-columns-is-layout-flex\">\n<div class=\"wp-block-column is-layout-flow wp-block-column-is-layout-flow\">\n<p>Der Imkerverein bietet F\u00fchrungen am Lehrbienenstand an:<\/p>\n\n\n\n<h2 class=\"wp-block-heading has-large-font-size\">F\u00fchrungen f\u00fcr Schulklassen\u00a0<\/h2>\n\n\n\n<p>F\u00fchrungen f\u00fcr Schulklassen am Lehrbienenstand in Wetzikon sind sehr beliebt.&nbsp;<\/p>\n\n\n\n<h2 class=\"wp-block-heading has-large-font-size\">F\u00fchrungen f\u00fcr Erwachsene&nbsp;<\/h2>\n\n\n\n<p>Auch Gruppen oder Firmen k\u00f6nnen zum Beispiel als Teamevent eine F\u00fchrung an einem Bienenstand buchen. Es ist auch m\u00f6glich, nach der F\u00fchrung noch Honig zu kaufen.<\/p>\n<\/div>\n\n\n\n<div class=\"wp-block-column is-layout-flow wp-block-column-is-layout-flow\">\n<figure class=\"wp-block-image size-full is-resized\"><img loading=\"lazy\" decoding=\"async\" width=\"2560\" height=\"1707\" src=\"https:\/\/imker-hinwil.ch\/wp-content\/uploads\/2026\/02\/pexels-glazun0v-4247163-scaled.jpg\" alt=\"\" class=\"wp-image-2120\" style=\"aspect-ratio:1.4997296160547977;width:549px;height:auto\" srcset=\"https:\/\/imker-hinwil.ch\/wp-content\/uploads\/2026\/02\/pexels-glazun0v-4247163-scaled.jpg 2560w, https:\/\/imker-hinwil.ch\/wp-content\/uploads\/2026\/02\/pexels-glazun0v-4247163-300x200.jpg 300w\" sizes=\"auto, (max-width: 2560px) 100vw, 2560px\" \/><\/figure>\n<\/div>\n<\/div>\n\n\n\n<p>Diese Anl\u00e4sse sind jeweils f\u00fcr Kinder wie auch f\u00fcr Erwachsene ein f\u00fcr alle Sinne nachhaltiges Erlebnis.\u00a0<\/p>\n\n\n\n<p class=\"has-nv-c-2-color has-text-color has-link-color wp-elements-a2851c585314d87640ddaf4da799bc40\">Jede F\u00fchrung endet mit einer Kostprobe unseres leckeren Honigs.<\/p>\n\n\n\n<p>F\u00fcr genauere Infos kontaktieren Sie: xenia.bruggmann@imker-hinwil.ch<\/p>\n\n\n\n<div class=\"wp-block-columns is-layout-flex wp-container-core-columns-is-layout-9d6595d7 wp-block-columns-is-layout-flex\">\n<div class=\"wp-block-column is-layout-flow wp-block-column-is-layout-flow\">\n<figure class=\"wp-block-image size-large\"><img loading=\"lazy\" decoding=\"async\" width=\"831\" height=\"1024\" src=\"https:\/\/imker-hinwil.ch\/wp-content\/uploads\/2026\/02\/image-2-831x1024.png\" alt=\"\" class=\"wp-image-2118\" srcset=\"https:\/\/imker-hinwil.ch\/wp-content\/uploads\/2026\/02\/image-2-831x1024.png 831w, https:\/\/imker-hinwil.ch\/wp-content\/uploads\/2026\/02\/image-2-243x300.png 243w, https:\/\/imker-hinwil.ch\/wp-content\/uploads\/2026\/02\/image-2-768x947.png 768w, https:\/\/imker-hinwil.ch\/wp-content\/uploads\/2026\/02\/image-2-1246x1536.png 1246w, https:\/\/imker-hinwil.ch\/wp-content\/uploads\/2026\/02\/image-2-1320x1628.png 1320w, https:\/\/imker-hinwil.ch\/wp-content\/uploads\/2026\/02\/image-2.png 1661w\" sizes=\"auto, (max-width: 831px) 100vw, 831px\" \/><\/figure>\n<\/div>\n\n\n\n<div class=\"wp-block-column is-layout-flow wp-block-column-is-layout-flow\"><div class=\"wp-block-image\">\n<figure class=\"alignright size-large is-resized\"><img loading=\"lazy\" decoding=\"async\" width=\"576\" height=\"1024\" src=\"https:\/\/imker-hinwil.ch\/wp-content\/uploads\/2026\/02\/pexels-archana-gs-2497418-4111270-576x1024.jpg\" alt=\"\" class=\"wp-image-2122\" style=\"aspect-ratio:0.5625084837790145;width:350px;height:auto\" srcset=\"https:\/\/imker-hinwil.ch\/wp-content\/uploads\/2026\/02\/pexels-archana-gs-2497418-4111270-576x1024.jpg 576w, https:\/\/imker-hinwil.ch\/wp-content\/uploads\/2026\/02\/pexels-archana-gs-2497418-4111270-169x300.jpg 169w, https:\/\/imker-hinwil.ch\/wp-content\/uploads\/2026\/02\/pexels-archana-gs-2497418-4111270-768x1365.jpg 768w, https:\/\/imker-hinwil.ch\/wp-content\/uploads\/2026\/02\/pexels-archana-gs-2497418-4111270-864x1536.jpg 864w, https:\/\/imker-hinwil.ch\/wp-content\/uploads\/2026\/02\/pexels-archana-gs-2497418-4111270-1152x2048.jpg 1152w, https:\/\/imker-hinwil.ch\/wp-content\/uploads\/2026\/02\/pexels-archana-gs-2497418-4111270-1320x2347.jpg 1320w, https:\/\/imker-hinwil.ch\/wp-content\/uploads\/2026\/02\/pexels-archana-gs-2497418-4111270-scaled.jpg 1440w\" sizes=\"auto, (max-width: 576px) 100vw, 576px\" \/><\/figure>\n<\/div><\/div>\n<\/div>\n\n\n\n<p><\/p>\n","protected":false},"excerpt":{"rendered":"<p>Der Imkerverein bietet F\u00fchrungen am Lehrbienenstand an: F\u00fchrungen f\u00fcr Schulklassen\u00a0 F\u00fchrungen f\u00fcr Schulklassen am Lehrbienenstand in Wetzikon sind sehr beliebt.&nbsp; F\u00fchrungen f\u00fcr Erwachsene&nbsp; Auch Gruppen oder Firmen k\u00f6nnen zum Beispiel als Teamevent eine F\u00fchrung an einem Bienenstand buchen. Es ist auch m\u00f6glich, nach der F\u00fchrung noch Honig zu kaufen. Diese Anl\u00e4sse sind jeweils f\u00fcr Kinder&hellip;&nbsp;<a href=\"https:\/\/imker-hinwil.ch\/?page_id=2110\" rel=\"bookmark\">Weiterlesen &raquo;<span class=\"screen-reader-text\">F\u00fchrungen<\/span><\/a><\/p>\n","protected":false},"author":7,"featured_media":0,"parent":0,"menu_order":0,"comment_status":"closed","ping_status":"closed","template":"","meta":{"neve_meta_sidebar":"","neve_meta_container":"","neve_meta_enable_content_width":"","neve_meta_content_width":0,"neve_meta_title_alignment":"","neve_meta_author_avatar":"","neve_post_elements_order":"","neve_meta_disable_header":"","neve_meta_disable_footer":"","neve_meta_disable_title":"","footnotes":""},"class_list":["post-2110","page","type-page","status-publish","hentry"],"_links":{"self":[{"href":"https:\/\/imker-hinwil.ch\/index.php?rest_route=\/wp\/v2\/pages\/2110","targetHints":{"allow":["GET"]}}],"collection":[{"href":"https:\/\/imker-hinwil.ch\/index.php?rest_route=\/wp\/v2\/pages"}],"about":[{"href":"https:\/\/imker-hinwil.ch\/index.php?rest_route=\/wp\/v2\/types\/page"}],"author":[{"embeddable":true,"href":"https:\/\/imker-hinwil.ch\/index.php?rest_route=\/wp\/v2\/users\/7"}],"replies":[{"embeddable":true,"href":"https:\/\/imker-hinwil.ch\/index.php?rest_route=%2Fwp%2Fv2%2Fcomments&post=2110"}],"version-history":[{"count":4,"href":"https:\/\/imker-hinwil.ch\/index.php?rest_route=\/wp\/v2\/pages\/2110\/revisions"}],"predecessor-version":[{"id":2124,"href":"https:\/\/imker-hinwil.ch\/index.php?rest_route=\/wp\/v2\/pages\/2110\/revisions\/2124"}],"wp:attachment":[{"href":"https:\/\/imker-hinwil.ch\/index.php?rest_route=%2Fwp%2Fv2%2Fmedia&parent=2110"}],"curies":[{"name":"wp","href":"https:\/\/api.w.org\/{rel}","templated":true}]}}